{"id":681,"date":"2017-01-24T17:31:43","date_gmt":"2017-01-24T15:31:43","guid":{"rendered":"http:\/\/www.fahrradanhaenger-test.de\/?page_id=681"},"modified":"2017-01-24T17:31:43","modified_gmt":"2017-01-24T15:31:43","slug":"bewertungskriterien-fuer-den-vergleich-von-fahrradanhaengern","status":"publish","type":"page","link":"http:\/\/www.barrierefinder.de\/fahrradanhaenger-test\/bewertungskriterien\/","title":{"rendered":"Bewertungskriterien f\u00fcr den Vergleich von Fahrradanh\u00e4ngern"},"content":{"rendered":"<p>In unserem Bewertungsverfahren haben folgende Bewertungskriterien eine entscheidende Rolle beim Endergebnis gespielt:<\/p>\n<p>&nbsp;<\/p>\n<p><strong>Ausstattung und Funktionsumfang: 0 \u2013 \u00a05 Sterne <\/strong><\/p>\n<p><strong>Verarbeitung und Materialien: 0 \u2013 5 Sterne <\/strong><\/p>\n<p><strong>Fahrkomfort: 0 \u2013 5 Sterne <\/strong><\/p>\n<p><strong>Sicherheit: 0 \u2013 5 Sterne <\/strong><\/p>\n<p>&nbsp;<\/p>\n<p>Im ersten Bewertungskriterium <strong>Ausstattung und Funktionsumfang <\/strong>geht es um die Ausstattung des Fahrradanh\u00e4ngers. Was darf transportiert werden und wie hoch ist die zugelassene Zuladung, die mit 4 m\u00f6glichen Sternen beurteilt wurde. Ein Kinder Fahrradanh\u00e4nger der auch als Kinderbuggy genutzt werden kann, hat hier die volle Anzahl von 4 Sternen erhalten. L\u00e4sst sich ein Transport Fahrradanh\u00e4nger mit einer Handdeichsel ebenfalls leicht ziehen, hat er 3 Sterne bekommen. Mit 1 m\u00f6glichen Stern wurde der Funktionsumfang bewertet. Voller Stern f\u00fcr eine umfangreiche Serienausstattung und Abzug wenn das Zubeh\u00f6r auf einer teuren Aufpreisliste steht.<\/p>\n<p>Bei dem Bewertungskriterium <strong>Verarbeitung und Materialen <\/strong>wurden die Sterne f\u00fcr die Materialwahl des Fahrradanh\u00e4ngers vergeben. Volle 3 Sterne wenn er aus Aluminium besteht und 2 Sterne f\u00fcr Stahlrohr. Die Verarbeitung der Materialen wurde mit 2 m\u00f6glichen Sternen bewertet. Diese wurden erreicht, wenn die Verarbeitung hochwertig ist und sich keine scharfen Kanten oder \u00fcberstehende Schrauben an dem Anh\u00e4nger befinden. Abz\u00fcge gab es bei schlechter Verarbeitungsqualit\u00e4t.<\/p>\n<p>Bei dem Bewertungskriterium <strong>Fahrkomfort <\/strong>spielt die Reifenart, die Federung und das Fahrverhalten eine gro\u00dfe Rolle. Volle 5 Sterne f\u00fcr einen Fahrradanh\u00e4nger der \u00fcber gro\u00dfe Luftreifen und einer Federung verf\u00fcgt. Sind die Reifen kleiner und haben ein m\u00e4\u00dfiges Abrollverhalten dann hat der Anh\u00e4nger nur 3 Sterne erhalten. Fahrradanh\u00e4nger ohne Federung und solche die laut Kundenaussagen ein schlechtes Fahrverhalten haben, bekommen hier nur 1 Stern.<\/p>\n<p>Gro\u00dfes Thema ist die <strong>Sicherheit<\/strong>, besonders dann, wenn es sich um einen Kinder-Fahrradanh\u00e4nger handelt. Volle 5 Sterne bei hoher Sicherheitsausstattung ausreichend hohen Seitenw\u00e4nden, gutes Fahrverhalten und Sicherheitsgurten. 3 Sterne bei Fahrradanh\u00e4ngern die zwar Sicherheitsgurte integriert haben, aber das Fahrverhalten nicht so gut ist. Ein Transport Fahrradanh\u00e4nger der bei geringer Beladung schon ins Schlingern kommt, hat nur 1 Stern erhalten.<\/p>\n<p>Wir weisen hier nochmals ausdr\u00fccklich darauf hin, dass die verglichenen Fahrradanh\u00e4nger nicht eigenh\u00e4ndig von uns getestet wurden. Unsere Bewertungen spiegeln einen Durchschnittswert verschiedener Kundenmeinungen und -bewertungen wider, die auf unterschiedlichen Verkaufsplattformen (eBay, Amazon, usw.) und Testseiten recherchiert wurden.<\/p>\n<p>&nbsp;<\/p>\n<p>Siehe dazu auch unseren <a href=\"http:\/\/www.barrierefinder.de\/fahrradanhaenger-test\/disclaimer\/\">Disclaimer<\/a>.<\/p>\n","protected":false},"excerpt":{"rendered":"<p>In unserem Bewertungsverfahren haben folgende Bewertungskriterien eine entscheidende Rolle beim Endergebnis gespielt: &nbsp; Ausstattung und Funktionsumfang: 0 \u2013 \u00a05 Sterne Verarbeitung und Materialien: 0 \u2013 5 Sterne Fahrkomfort: 0 \u2013 5 Sterne Sicherheit: 0 \u2013 5 Sterne &nbsp; Im ersten Bewertungskriterium Ausstattung und Funktionsumfang geht es um die Ausstattung des Fahrradanh\u00e4ngers. Was darf transportiert werden [&hellip;]<\/p>\n","protected":false},"author":4,"featured_media":0,"parent":0,"menu_order":0,"comment_status":"closed","ping_status":"closed","template":"","meta":{"footnotes":""},"class_list":["post-681","page","type-page","status-publish","hentry"],"yoast_head":"<!-- This site is optimized with the Yoast SEO plugin v24.6 - https:\/\/yoast.com\/wordpress\/plugins\/seo\/ -->\n<title>Bewertungskriterien f\u00fcr den Vergleich von Fahrradanh\u00e4ngern - Fahrradanh\u00e4nger-Test.de<\/title>\n<meta name=\"robots\" content=\"index, follow, max-snippet:-1, max-image-preview:large, max-video-preview:-1\" \/>\n<link rel=\"canonical\" href=\"http:\/\/www.barrierefinder.de\/fahrradanhaenger-test\/bewertungskriterien\/\" \/>\n<meta property=\"og:locale\" content=\"de_DE\" \/>\n<meta property=\"og:type\" content=\"article\" \/>\n<meta property=\"og:title\" content=\"Bewertungskriterien f\u00fcr den Vergleich von Fahrradanh\u00e4ngern - Fahrradanh\u00e4nger-Test.de\" \/>\n<meta property=\"og:description\" content=\"In unserem Bewertungsverfahren haben folgende Bewertungskriterien eine entscheidende Rolle beim Endergebnis gespielt: &nbsp; Ausstattung und Funktionsumfang: 0 \u2013 \u00a05 Sterne Verarbeitung und Materialien: 0 \u2013 5 Sterne Fahrkomfort: 0 \u2013 5 Sterne Sicherheit: 0 \u2013 5 Sterne &nbsp; Im ersten Bewertungskriterium Ausstattung und Funktionsumfang geht es um die Ausstattung des Fahrradanh\u00e4ngers. Was darf transportiert werden [&hellip;]\" \/>\n<meta property=\"og:url\" content=\"http:\/\/www.barrierefinder.de\/fahrradanhaenger-test\/bewertungskriterien\/\" \/>\n<meta property=\"og:site_name\" content=\"Fahrradanh\u00e4nger-Test.de\" \/>\n<meta name=\"twitter:card\" content=\"summary_large_image\" \/>\n<meta name=\"twitter:label1\" content=\"Gesch\u00e4tzte Lesezeit\" \/>\n\t<meta name=\"twitter:data1\" content=\"2\u00a0Minuten\" \/>\n<script type=\"application\/ld+json\" class=\"yoast-schema-graph\">{\"@context\":\"https:\/\/schema.org\",\"@graph\":[{\"@type\":\"WebPage\",\"@id\":\"http:\/\/www.barrierefinder.de\/fahrradanhaenger-test\/bewertungskriterien\/\",\"url\":\"http:\/\/www.barrierefinder.de\/fahrradanhaenger-test\/bewertungskriterien\/\",\"name\":\"Bewertungskriterien f\u00fcr den Vergleich von Fahrradanh\u00e4ngern - Fahrradanh\u00e4nger-Test.de\",\"isPartOf\":{\"@id\":\"http:\/\/www.barrierefinder.de\/fahrradanhaenger-test\/#website\"},\"datePublished\":\"2017-01-24T15:31:43+00:00\",\"breadcrumb\":{\"@id\":\"http:\/\/www.barrierefinder.de\/fahrradanhaenger-test\/bewertungskriterien\/#breadcrumb\"},\"inLanguage\":\"de\",\"potentialAction\":[{\"@type\":\"ReadAction\",\"target\":[\"http:\/\/www.barrierefinder.de\/fahrradanhaenger-test\/bewertungskriterien\/\"]}]},{\"@type\":\"BreadcrumbList\",\"@id\":\"http:\/\/www.barrierefinder.de\/fahrradanhaenger-test\/bewertungskriterien\/#breadcrumb\",\"itemListElement\":[{\"@type\":\"ListItem\",\"position\":1,\"name\":\"Home\",\"item\":\"http:\/\/www.barrierefinder.de\/fahrradanhaenger-test\/\"},{\"@type\":\"ListItem\",\"position\":2,\"name\":\"Bewertungskriterien f\u00fcr den Vergleich von Fahrradanh\u00e4ngern\"}]},{\"@type\":\"WebSite\",\"@id\":\"http:\/\/www.barrierefinder.de\/fahrradanhaenger-test\/#website\",\"url\":\"http:\/\/www.barrierefinder.de\/fahrradanhaenger-test\/\",\"name\":\"Fahrradanh\u00e4nger-Test.de\",\"description\":\"Fahrradanh\u00e4nger im Vergleich\",\"potentialAction\":[{\"@type\":\"SearchAction\",\"target\":{\"@type\":\"EntryPoint\",\"urlTemplate\":\"http:\/\/www.barrierefinder.de\/fahrradanhaenger-test\/?s={search_term_string}\"},\"query-input\":{\"@type\":\"PropertyValueSpecification\",\"valueRequired\":true,\"valueName\":\"search_term_string\"}}],\"inLanguage\":\"de\"}]}<\/script>\n<!-- \/ Yoast SEO plugin. -->","yoast_head_json":{"title":"Bewertungskriterien f\u00fcr den Vergleich von Fahrradanh\u00e4ngern - Fahrradanh\u00e4nger-Test.de","robots":{"index":"index","follow":"follow","max-snippet":"max-snippet:-1","max-image-preview":"max-image-preview:large","max-video-preview":"max-video-preview:-1"},"canonical":"http:\/\/www.barrierefinder.de\/fahrradanhaenger-test\/bewertungskriterien\/","og_locale":"de_DE","og_type":"article","og_title":"Bewertungskriterien f\u00fcr den Vergleich von Fahrradanh\u00e4ngern - Fahrradanh\u00e4nger-Test.de","og_description":"In unserem Bewertungsverfahren haben folgende Bewertungskriterien eine entscheidende Rolle beim Endergebnis gespielt: &nbsp; Ausstattung und Funktionsumfang: 0 \u2013 \u00a05 Sterne Verarbeitung und Materialien: 0 \u2013 5 Sterne Fahrkomfort: 0 \u2013 5 Sterne Sicherheit: 0 \u2013 5 Sterne &nbsp; Im ersten Bewertungskriterium Ausstattung und Funktionsumfang geht es um die Ausstattung des Fahrradanh\u00e4ngers. Was darf transportiert werden [&hellip;]","og_url":"http:\/\/www.barrierefinder.de\/fahrradanhaenger-test\/bewertungskriterien\/","og_site_name":"Fahrradanh\u00e4nger-Test.de","twitter_card":"summary_large_image","twitter_misc":{"Gesch\u00e4tzte Lesezeit":"2\u00a0Minuten"},"schema":{"@context":"https:\/\/schema.org","@graph":[{"@type":"WebPage","@id":"http:\/\/www.barrierefinder.de\/fahrradanhaenger-test\/bewertungskriterien\/","url":"http:\/\/www.barrierefinder.de\/fahrradanhaenger-test\/bewertungskriterien\/","name":"Bewertungskriterien f\u00fcr den Vergleich von Fahrradanh\u00e4ngern - Fahrradanh\u00e4nger-Test.de","isPartOf":{"@id":"http:\/\/www.barrierefinder.de\/fahrradanhaenger-test\/#website"},"datePublished":"2017-01-24T15:31:43+00:00","breadcrumb":{"@id":"http:\/\/www.barrierefinder.de\/fahrradanhaenger-test\/bewertungskriterien\/#breadcrumb"},"inLanguage":"de","potentialAction":[{"@type":"ReadAction","target":["http:\/\/www.barrierefinder.de\/fahrradanhaenger-test\/bewertungskriterien\/"]}]},{"@type":"BreadcrumbList","@id":"http:\/\/www.barrierefinder.de\/fahrradanhaenger-test\/bewertungskriterien\/#breadcrumb","itemListElement":[{"@type":"ListItem","position":1,"name":"Home","item":"http:\/\/www.barrierefinder.de\/fahrradanhaenger-test\/"},{"@type":"ListItem","position":2,"name":"Bewertungskriterien f\u00fcr den Vergleich von Fahrradanh\u00e4ngern"}]},{"@type":"WebSite","@id":"http:\/\/www.barrierefinder.de\/fahrradanhaenger-test\/#website","url":"http:\/\/www.barrierefinder.de\/fahrradanhaenger-test\/","name":"Fahrradanh\u00e4nger-Test.de","description":"Fahrradanh\u00e4nger im Vergleich","potentialAction":[{"@type":"SearchAction","target":{"@type":"EntryPoint","urlTemplate":"http:\/\/www.barrierefinder.de\/fahrradanhaenger-test\/?s={search_term_string}"},"query-input":{"@type":"PropertyValueSpecification","valueRequired":true,"valueName":"search_term_string"}}],"inLanguage":"de"}]}},"_links":{"self":[{"href":"http:\/\/www.barrierefinder.de\/fahrradanhaenger-test\/wp-json\/wp\/v2\/pages\/681","targetHints":{"allow":["GET"]}}],"collection":[{"href":"http:\/\/www.barrierefinder.de\/fahrradanhaenger-test\/wp-json\/wp\/v2\/pages"}],"about":[{"href":"http:\/\/www.barrierefinder.de\/fahrradanhaenger-test\/wp-json\/wp\/v2\/types\/page"}],"author":[{"embeddable":true,"href":"http:\/\/www.barrierefinder.de\/fahrradanhaenger-test\/wp-json\/wp\/v2\/users\/4"}],"replies":[{"embeddable":true,"href":"http:\/\/www.barrierefinder.de\/fahrradanhaenger-test\/wp-json\/wp\/v2\/comments?post=681"}],"version-history":[{"count":1,"href":"http:\/\/www.barrierefinder.de\/fahrradanhaenger-test\/wp-json\/wp\/v2\/pages\/681\/revisions"}],"predecessor-version":[{"id":682,"href":"http:\/\/www.barrierefinder.de\/fahrradanhaenger-test\/wp-json\/wp\/v2\/pages\/681\/revisions\/682"}],"wp:attachment":[{"href":"http:\/\/www.barrierefinder.de\/fahrradanhaenger-test\/wp-json\/wp\/v2\/media?parent=681"}],"curies":[{"name":"wp","href":"https:\/\/api.w.org\/{rel}","templated":true}]}}