{"id":450,"date":"2015-08-03T09:49:56","date_gmt":"2015-08-03T07:49:56","guid":{"rendered":"http:\/\/www.fahrradanhaenger-test.de\/?page_id=450"},"modified":"2017-05-09T12:25:30","modified_gmt":"2017-05-09T10:25:30","slug":"kinderfahrradanhaenger","status":"publish","type":"page","link":"http:\/\/www.barrierefinder.de\/fahrradanhaenger-test\/kinderfahrradanhaenger\/","title":{"rendered":"Kinderfahrradanh\u00e4nger"},"content":{"rendered":"<p>Wer heutzutage kleine Kinder auf dem Fahrrad mitnehmen m\u00f6chte, der nutzt meist einen Fahrradanh\u00e4nger zur Montage direkt am Rad und nur noch selten einen Fahrradsitz. Der Grund: Die Anh\u00e4nger sind nicht nur deutlich komfortabler, sie gelten auch als viel sicherer als die althergebrachten Fahrradsitze.<\/p>\n<p>Wir von <a href=\"http:\/\/www.barrierefinder.de\/fahrradanhaenger-test\/\"><strong>Fahrradanh\u00e4nger-Test.de<\/strong><\/a> finden sie alle Berichte \u00fcber <a href=\"http:\/\/www.barrierefinder.de\/fahrradanhaenger-test\/kinderfahrradanhaenger\/\"><strong>Kinderfahrradanh\u00e4nger<\/strong><\/a>, <a href=\"http:\/\/www.barrierefinder.de\/fahrradanhaenger-test\/typen\/hundefahrradanhaenger\/\"><strong>Hundefahrradanh\u00e4nger<\/strong><\/a> oder <a href=\"http:\/\/www.barrierefinder.de\/fahrradanhaenger-test\/typen\/fahrrad-lastenanhaenger\/\"><strong>Fahrrad Lastenanh\u00e4nger<\/strong><\/a>. Aber auch viele Interessante Ratgeber in der <a href=\"http:\/\/www.barrierefinder.de\/fahrradanhaenger-test\/category\/faq\/\"><strong>Kategorie Fragen und Antworten<\/strong><\/a>.<\/p>\n<p>Mittlerweile existiert auch eine beachtliche Modellauswahl. Es gibt Einsitzer, Doppelsitzer, gefederte und nicht gefederte Modelle. Es gibt sogar Varianten, die sich zum Jogger oder Buggy umbauen lassen. Welcher <strong>Kinder-Fahrradanh\u00e4nger<\/strong> ist jetzt aber besonders zu empfehlen? Es gibt Vergleiche verschiedener Modelle auf Sicherheit, Komfort, Bedienung, Schadstoffe und Ausstattung. An dieser Stelle finden Sie die wichtigsten Informationen auf einen Blick.<\/p>\n\n\n<h2>Kinderfahrradanh\u00e4nger \u2013 Definition<\/h2>\n<p><strong>Fahrradanh\u00e4nger f\u00fcr Kinder<\/strong> wurden dazu entwickelt, Kinder im Alter von wenigen Wochen bis hin zum Erreichen des Schulalters sicher und komfortabel zu bef\u00f6rdern. Einige Experten empfehlen jedoch S\u00e4uglinge erst ab einem Alter von 6 Monaten mit dem Fahrradanh\u00e4nger zu fahren. Die Hersteller haben Modelle im Sortiment, die sich vom Jogger oder vom Buggy innerhalb kurzer Zeit zum Fahrradanh\u00e4nger umbauen lassen. Die Stra\u00dfenverkehrsordnung gibt vor, dass die bef\u00f6rderten Kinder maximal 7 Jahre alte sein d\u00fcrfen. Behinderte Kinder unterliegen allerdings keiner Altersbeschr\u00e4nkung. Die Person, die das Fahrrad f\u00e4hrt, darf au\u00dferdem nicht j\u00fcnger als 16 sein.<\/p>\n<p>Seit 2013 ist europaweit die DIN EN 15918 g\u00fcltig, eine <strong>Kinderfahrradanh\u00e4nger Sicherheitsnorm<\/strong>. Nach dieser Norm gebaute und gepr\u00fcfte Anh\u00e4nger besitzen eine Norm-Nummer als Kennzeichnung. Au\u00dferdem muss neben der Herstelleranschrift, die Nutzlast, das maximale Gesamtgewicht, sowie das Alter der zur Bef\u00f6rderung erlaubten Kinder vermerkt sein. Diese Kennzeichnung ist am <strong>Fahrradanh\u00e4nger f\u00fcr Kinder<\/strong> gut sichtbar zu platzieren.<\/p>\n<h2>So funktionieren die Fahrradanh\u00e4nger zum Transport von Kindern<\/h2>\n<p><strong>Alle Fahrradanh\u00e4nger<\/strong> die zum Transport von Kindern geeignet sind, funktionieren auf die gleiche Weise: Sie besitzen eine Achse und werden hinter einem Fahrrad hergezogen. Die Verbindung besteht dabei aus einer Kupplung \u00fcber eine Gelenkdeichsel. Der <strong>Kinderfahrradanh\u00e4nger<\/strong> verf\u00fcgt \u00fcber ein m\u00f6glichst stabiles und gleichzeitig leichtes Gestell. Er besitzt R\u00e4der, Gurte und Sitze. Abh\u00e4ngig vom Hersteller gibt es nat\u00fcrlich Unterschiede in der Handhabung, der Ausstattung, dem Komfort und den Zusatzoptionen.<strong><br \/>\n<\/strong><\/p>\n<h2>Fahrradanh\u00e4nger zum Transport von Kindern \u2013 Die Einsatzm\u00f6glichkeiten<\/h2>\n<p>Es gibt einfache Modelle, die nur zum Transport hinter dem Fahrrad geeignet sind und Modelle, die sich variantenreich umbauen lassen. Dann eignet sich der <strong>Fahrradanh\u00e4nger<\/strong> pl\u00f6tzlich auch zum Walken, Joggen oder, nach einem Austausch der R\u00e4der, sogar zum Skifahren. Vom kurzen Weg zum Kindergarten bis zum Urlaub, dem Wochenendausflug oder der langen Outdoor-Tour. Die Einsatzm\u00f6glichkeiten sind vielf\u00e4ltig. Neben Kindern kann auch der Einkauf, der Lieblingsvierbeiner oder einer beliebige andere Last mit dem Fahrradanh\u00e4nger transportiert werden. Nur das zul\u00e4ssige Gesamtgewicht darf man auf keinen Fall \u00fcberschreiten.<\/p>\n<p>Doppelsitze sind nat\u00fcrlich schwerer als Anh\u00e4nger mit nur einem Platz. Daf\u00fcr lassen sich damit auch gr\u00f6\u00dfere Lasten fortbewegen. Transportieren Sie nur ein Kind in einem Doppelsitzer, dann sollte, nach Expertenempfehlung, die Sitzposition mittig gew\u00e4hlt werden. Sie bieten mehr Spielraum f\u00fcr Lastentransporte, sind jedoch an sich schon schwerer als Einsitzer. Bei nur einem Passagier empfehlen Hersteller meist die mittige Sitzposition im <strong>Kinderfahrradanh\u00e4nger<\/strong>. Vor dem Kauf ist es ratsam, die Leistungsmerkmale des Wunschanh\u00e4ngers intensiv zu pr\u00fcfen.<\/p>\n<h2>Komfortable Kinderfahrradanh\u00e4nger \u2013 die Ausstattungsmerkmale<\/h2>\n<p>An erster Stelle steht nat\u00fcrlich das Gewicht. Die leichtesten Modelle wiegen gerade einmal 10 Kilogramm, die schwersten Exemplare beinahe doppelt so viel. Dann m\u00fcssen aber auch die Eltern leistungsf\u00e4higer sein. An zweiter Stelle steht <a href=\"http:\/\/www.barrierefinder.de\/fahrradanhaenger-test\/wie-wird-ein-fahrradanhaenger-befestigt\/\">die Kupplung<\/a>. Mittels Schnellkupplung ist ein z\u00fcgiger Wechsel zwischen zwei Komponenten m\u00f6glich. Wenn Sie h\u00e4ufig zwischen zwei R\u00e4dern hin- und herwechseln, dann sollten Sie Gegenkupplungen an beiden R\u00e4dern montieren. Benutzen Sie nur ein Rad, dann spielt die Kupplung eine gro\u00dfe Rolle, wenn Sie den <strong>Kinderfahrradanh\u00e4nger<\/strong> h\u00e4ufig ankuppeln und nach dem Gebrauch wieder abkuppeln.<\/p>\n<p>An dritter Stelle steht die Ausstattung des Anh\u00e4ngers. Es gibt vielf\u00e4ltige Eigenschaften, die die Handhabung vereinfachen. Ausbaubare und einstellbare Sitze, Faltsysteme zum einfacheren Transport oder Sets die einen Umbau zum Jogger oder Buggy erm\u00f6glichen, geh\u00f6ren dazu. Nat\u00fcrlich haben diese unterschiedlichen Funktionen alle ihren Preis. Welche Eigensch\u00e4ften n\u00f6tig und sinnvoll sind, m\u00fcssen die Eltern selbst entscheiden. An vierter Stelle steht die Federung des Fahrradanh\u00e4ngers. Wenn Sie mit dem Anh\u00e4nger nur kurze Strecken \u00fcber ebene Stra\u00dfen fahren, dann ben\u00f6tigen Sie keine Federung. Mittlerweile sind die Anh\u00e4nger so gut, dass sie geringe Stra\u00dfensch\u00e4den oder kleine Kanten gut absorbieren. Fahren Sie jedoch auch auf Waldwegen oder Feldwegen, dann sollte Ihr <strong>Fahrradanh\u00e4nger<\/strong> <strong>f\u00fcr Kinder<\/strong> in jedem Fall \u00fcber eine Federung verf\u00fcgen. Im Idealfall l\u00e4sst sich die Federung sogar einstellen.<\/p>\n<h3>Positive Fakten zum Kinderfahrradanh\u00e4nger<\/h3>\n<ul>\n<li>Kinder werden wettergesch\u00fctzt transportiert<\/li>\n<li>In Doppelsitzern k\u00f6nnen Geschwister zusammen gefahren werden, hierzu z\u00e4hlen Modelle von <a href=\"http:\/\/www.barrierefinder.de\/fahrradanhaenger-test\/produktfilter\/?min_price=0&amp;max_price=599&amp;brand=thule&amp;type=none&amp;stars=\">Thule<\/a> und <a href=\"http:\/\/www.barrierefinder.de\/fahrradanhaenger-test\/produktfilter\/?min_price=0&amp;max_price=599&amp;brand=qeridoo&amp;type=none&amp;stars=\">Qeridoo<\/a><\/li>\n<li>Modelle mit Kopfst\u00fctze, Sitzverkleinerer oder Babyschale eignen sich zum Transport von S\u00e4uglingen<\/li>\n<li>Viele Modelle k\u00f6nnen zum Jogger oder Buggy umger\u00fcstet werden<\/li>\n<li>Tiefer Schwerpunkt sch\u00fctzt vor Umkippen<\/li>\n<li>Umweltfreundliche Mobilit\u00e4t und Sportlichkeit auf einmal<\/li>\n<\/ul>\n<h3>Negative Fakten zum Kinderfahrradanh\u00e4nger<\/h3>\n<ul>\n<li>Der Fahrer kann das Kind ohne extra R\u00fcckspiegel nicht sehen<\/li>\n<li>Ben\u00f6tigt Abstellplatz. Ein <strong>faltbarer Fahrradanh\u00e4nger<\/strong> schafft Abhilfe<\/li>\n<li>Begrenzte Wendigkeit gegen\u00fcber dem herk\u00f6mmlichen Fahrradsitz<strong><br \/>\n<\/strong><\/li>\n<\/ul>\n<h2>Fahrradanh\u00e4nger f\u00fcr den Transport von Kindern \u2013 die Sicherheit<\/h2>\n<p>Nach Angaben der oberbayerischen Regierung sind <strong>Kinderfahrradanh\u00e4nger sichere Alternativen<\/strong> zum gew\u00f6hnlichen Fahrradsitz. Crashtests haben ergeben, dass im Fahrradanh\u00e4nger ein geringeres Verletzungsrisiko f\u00fcr die Kinder, als im Fahrradsitz, besteht. Das Ger\u00fcst des Anh\u00e4ngers funktioniert wie eine Knautschzone und bietet damit einen zus\u00e4tzlichen Schutz im Fall eines Unfalls. Ein Kindersitz mit Kind macht das Fahren auf einem Fahrrad erst einmal instabil. Das liegt vor allem am erh\u00f6hten Schwerpunkt. Ein sicherer Stand des Rades ist mit Kindersitz und Kind alleine fast unm\u00f6glich. Bewegt sich das Kind, steigt das Sturzrisiko rapide an. Sitzt das Kind aber in einem <strong>Kinderfahrradanh\u00e4nger<\/strong>, steht dieser trotzdem stabil. Au\u00dferdem verhindert eine Feststellbremse ein ungewolltes Davonrollen. Treffen Autos mit 20 km\/h seitlich auf einen <strong>Kinder-Fahrradanh\u00e4nger<\/strong>, dann wird dieser nicht etwa \u00fcberrollt, sondern zur Seite geschoben. Das haben Crashtests gezeigt. Besonders sicher sind dabei Modelle die einen \u00dcberrollb\u00fcgel und eine Aluminium Sitzwanne besitzen.<\/p>\n<p>F\u00fcr welche Altersgruppen eignen sich <strong>Fahrradanh\u00e4nger<\/strong>? Grunds\u00e4tzlich m\u00fcssen die Kinder zum Transport angeschnallt sein, damit sie nicht aus dem Anh\u00e4nger fallen k\u00f6nnen. Eine <a href=\"http:\/\/www.barrierefinder.de\/fahrradanhaenger-test\/im-fahrradanhaenger-einen-helm-tragen\/\">Helmpflicht f\u00fcr Kinder im Anh\u00e4nger<\/a> gibt es nicht. Das Tragen wird jedoch von Experten empfohlen. Allerdings darf das Dach des Anh\u00e4ngers oder die Kopfst\u00fctze den Helm nicht verschieben, so dass die Schutzfunktion nicht mehr gegeben ist. Diese Funktionalit\u00e4t m\u00fcssen nat\u00fcrlich die Eltern \u00fcberpr\u00fcfen. Bevor Sie <strong>einen Fahrradanh\u00e4nger kaufen<\/strong> sollten Sie durch einen Schlingerkurs fahren, nat\u00fcrlich zun\u00e4chst ohne Kind im Anh\u00e4nger. Die Kinder sollten zudem vorher Probesitzen.<\/p>\n<p>Wichtig ist auch die Qualit\u00e4t der Kupplung! Sie darf sich auf keinen Fall w\u00e4hrend der Fahrt \u00f6ffnen. Eine Absicherung \u00fcber eine Sicherungsleine ist Pflicht. Die meisten modernen <strong>Fahrradanh\u00e4nger<\/strong> verf\u00fcgen \u00fcber eine Deichsel die sehr tief angebracht ist und ein Kupplungsst\u00fcck am Ende hat. Das Gegenst\u00fcck kann meistens am hinteren Rahmen oder der Fahrradachse fest montiert werden. Beachten Sie, dass nicht alle Kupplungsmodelle mit allen Fahrr\u00e4dern kompatibel sind. Die Funktionalit\u00e4t gilt es vor dem Kauf zu \u00fcberpr\u00fcfen. Nehmen Sie daf\u00fcr ihr Zugfahrrad am besten mit.<\/p>\n<p>Pr\u00fcfen Sie in jedem Fall das pl\u00f6tzliche <strong>Bremsen mit Fahrradanh\u00e4nger<\/strong>. So finden Sie heraus ob Ihre Fahrradbremse richtig dimensioniert ist.<\/p>\n<ul>\n<li><strong>Fahrradanh\u00e4nger f\u00fcr den Transport von Kindern<\/strong> sind umweltfreundlich und, je nach Modell, f\u00fcr maximal 2 Kinder geeignet<\/li>\n<li>Die Fahrt ist sicherer als der Transport im Fahrradsitz<\/li>\n<li>Aktive Eltern haben die M\u00f6glichkeit den Fahrradanh\u00e4nger, je nach Modell, zus\u00e4tzlich zum Joggen oder Walken zu verwenden und k\u00f6nnen Kinder bequem mitnehmen<\/li>\n<li><strong>Fahrradanh\u00e4nger f\u00fcr den Transport<\/strong> von Kindern sind lange nutzbar. Zun\u00e4chst ab ca. einem halben Jahr bis zum Ende des 7.Lebensjahres. Im Anschluss k\u00f6nnen beispielsweise Lasten oder Haustiere gefahren werden<\/li>\n<li>Kinder lernen im <strong>Kinderfahrradanh\u00e4nger<\/strong>, dass Mobilit\u00e4t auch ohne einen Motor m\u00f6glich ist.<\/li>\n<\/ul>\n<p>In unserem <a href=\"http:\/\/www.barrierefinder.de\/fahrradanhaenger-test\/\"><strong>Fahrrad Anh\u00e4nger Test<\/strong> <\/a>haben wir <strong>Anh\u00e4nger f\u00fcr Fahrr\u00e4der<\/strong> f\u00fcr Sie miteinander verglichen. Sie erhalten zudem einen umfangreichen \u00dcberblick in den einzelnen Kategorien. Die <a href=\"http:\/\/www.barrierefinder.de\/fahrradanhaenger-test\/category\/faq\/\"><strong>Ratgeber rund um den Fahrradanh\u00e4nger<\/strong><\/a> informieren Sie zus\u00e4tzlich \u00fcber s\u00e4mtliche Einzelheiten beim Kauf von Fahrradanh\u00e4ngern.<\/p>\n","protected":false},"excerpt":{"rendered":"<p>Wer heutzutage kleine Kinder auf dem Fahrrad mitnehmen m\u00f6chte, der nutzt meist einen Fahrradanh\u00e4nger zur Montage direkt am Rad und nur noch selten einen Fahrradsitz. Der Grund: Die Anh\u00e4nger sind nicht nur deutlich komfortabler, sie gelten auch als viel sicherer als die althergebrachten Fahrradsitze. Wir von Fahrradanh\u00e4nger-Test.de finden sie alle Berichte \u00fcber Kinderfahrradanh\u00e4nger, Hundefahrradanh\u00e4nger oder [&hellip;]<\/p>\n","protected":false},"author":4,"featured_media":0,"parent":0,"menu_order":0,"comment_status":"closed","ping_status":"closed","template":"template-sidebar_rechts.php","meta":{"footnotes":""},"class_list":["post-450","page","type-page","status-publish","hentry"],"yoast_head":"<!-- This site is optimized with the Yoast SEO plugin v24.6 - https:\/\/yoast.com\/wordpress\/plugins\/seo\/ -->\n<title>Kinderfahrradanh\u00e4nger Test 2026 - Kostenloser Vergleich<\/title>\n<meta name=\"description\" content=\"KinderfFahrradanh\u00e4nger Test Mai 2026 \u2713 Aktuelle Vergleiche mit individueller Bewertung \u2713 tagesaktuelle Top-Preise \u2713 Mit gek\u00fcrten Siegern\" \/>\n<meta name=\"robots\" content=\"index, follow, max-snippet:-1, max-image-preview:large, max-video-preview:-1\" \/>\n<link rel=\"canonical\" href=\"http:\/\/www.barrierefinder.de\/fahrradanhaenger-test\/kinderfahrradanhaenger\/\" \/>\n<meta property=\"og:locale\" content=\"de_DE\" \/>\n<meta property=\"og:type\" content=\"article\" \/>\n<meta property=\"og:title\" content=\"Kinderfahrradanh\u00e4nger Test 2026 - Kostenloser Vergleich\" \/>\n<meta property=\"og:description\" content=\"KinderfFahrradanh\u00e4nger Test Mai 2026 \u2713 Aktuelle Vergleiche mit individueller Bewertung \u2713 tagesaktuelle Top-Preise \u2713 Mit gek\u00fcrten Siegern\" \/>\n<meta property=\"og:url\" content=\"http:\/\/www.barrierefinder.de\/fahrradanhaenger-test\/kinderfahrradanhaenger\/\" \/>\n<meta property=\"og:site_name\" content=\"Fahrradanh\u00e4nger-Test.de\" \/>\n<meta property=\"article:modified_time\" content=\"2017-05-09T10:25:30+00:00\" \/>\n<meta name=\"twitter:card\" content=\"summary_large_image\" \/>\n<meta name=\"twitter:label1\" content=\"Gesch\u00e4tzte Lesezeit\" \/>\n\t<meta name=\"twitter:data1\" content=\"7\u00a0Minuten\" \/>\n<script type=\"application\/ld+json\" class=\"yoast-schema-graph\">{\"@context\":\"https:\/\/schema.org\",\"@graph\":[{\"@type\":\"WebPage\",\"@id\":\"http:\/\/www.barrierefinder.de\/fahrradanhaenger-test\/kinderfahrradanhaenger\/\",\"url\":\"http:\/\/www.barrierefinder.de\/fahrradanhaenger-test\/kinderfahrradanhaenger\/\",\"name\":\"Kinderfahrradanh\u00e4nger Test 2026 - Kostenloser Vergleich\",\"isPartOf\":{\"@id\":\"http:\/\/www.barrierefinder.de\/fahrradanhaenger-test\/#website\"},\"datePublished\":\"2015-08-03T07:49:56+00:00\",\"dateModified\":\"2017-05-09T10:25:30+00:00\",\"description\":\"KinderfFahrradanh\u00e4nger Test Mai 2026 \u2713 Aktuelle Vergleiche mit individueller Bewertung \u2713 tagesaktuelle Top-Preise \u2713 Mit gek\u00fcrten Siegern\",\"breadcrumb\":{\"@id\":\"http:\/\/www.barrierefinder.de\/fahrradanhaenger-test\/kinderfahrradanhaenger\/#breadcrumb\"},\"inLanguage\":\"de\",\"potentialAction\":[{\"@type\":\"ReadAction\",\"target\":[\"http:\/\/www.barrierefinder.de\/fahrradanhaenger-test\/kinderfahrradanhaenger\/\"]}]},{\"@type\":\"BreadcrumbList\",\"@id\":\"http:\/\/www.barrierefinder.de\/fahrradanhaenger-test\/kinderfahrradanhaenger\/#breadcrumb\",\"itemListElement\":[{\"@type\":\"ListItem\",\"position\":1,\"name\":\"Home\",\"item\":\"http:\/\/www.barrierefinder.de\/fahrradanhaenger-test\/\"},{\"@type\":\"ListItem\",\"position\":2,\"name\":\"Kinderfahrradanh\u00e4nger\"}]},{\"@type\":\"WebSite\",\"@id\":\"http:\/\/www.barrierefinder.de\/fahrradanhaenger-test\/#website\",\"url\":\"http:\/\/www.barrierefinder.de\/fahrradanhaenger-test\/\",\"name\":\"Fahrradanh\u00e4nger-Test.de\",\"description\":\"Fahrradanh\u00e4nger im Vergleich\",\"potentialAction\":[{\"@type\":\"SearchAction\",\"target\":{\"@type\":\"EntryPoint\",\"urlTemplate\":\"http:\/\/www.barrierefinder.de\/fahrradanhaenger-test\/?s={search_term_string}\"},\"query-input\":{\"@type\":\"PropertyValueSpecification\",\"valueRequired\":true,\"valueName\":\"search_term_string\"}}],\"inLanguage\":\"de\"}]}<\/script>\n<!-- \/ Yoast SEO plugin. -->","yoast_head_json":{"title":"Kinderfahrradanh\u00e4nger Test 2026 - Kostenloser Vergleich","description":"KinderfFahrradanh\u00e4nger Test Mai 2026 \u2713 Aktuelle Vergleiche mit individueller Bewertung \u2713 tagesaktuelle Top-Preise \u2713 Mit gek\u00fcrten Siegern","robots":{"index":"index","follow":"follow","max-snippet":"max-snippet:-1","max-image-preview":"max-image-preview:large","max-video-preview":"max-video-preview:-1"},"canonical":"http:\/\/www.barrierefinder.de\/fahrradanhaenger-test\/kinderfahrradanhaenger\/","og_locale":"de_DE","og_type":"article","og_title":"Kinderfahrradanh\u00e4nger Test 2026 - Kostenloser Vergleich","og_description":"KinderfFahrradanh\u00e4nger Test Mai 2026 \u2713 Aktuelle Vergleiche mit individueller Bewertung \u2713 tagesaktuelle Top-Preise \u2713 Mit gek\u00fcrten Siegern","og_url":"http:\/\/www.barrierefinder.de\/fahrradanhaenger-test\/kinderfahrradanhaenger\/","og_site_name":"Fahrradanh\u00e4nger-Test.de","article_modified_time":"2017-05-09T10:25:30+00:00","twitter_card":"summary_large_image","twitter_misc":{"Gesch\u00e4tzte Lesezeit":"7\u00a0Minuten"},"schema":{"@context":"https:\/\/schema.org","@graph":[{"@type":"WebPage","@id":"http:\/\/www.barrierefinder.de\/fahrradanhaenger-test\/kinderfahrradanhaenger\/","url":"http:\/\/www.barrierefinder.de\/fahrradanhaenger-test\/kinderfahrradanhaenger\/","name":"Kinderfahrradanh\u00e4nger Test 2026 - Kostenloser Vergleich","isPartOf":{"@id":"http:\/\/www.barrierefinder.de\/fahrradanhaenger-test\/#website"},"datePublished":"2015-08-03T07:49:56+00:00","dateModified":"2017-05-09T10:25:30+00:00","description":"KinderfFahrradanh\u00e4nger Test Mai 2026 \u2713 Aktuelle Vergleiche mit individueller Bewertung \u2713 tagesaktuelle Top-Preise \u2713 Mit gek\u00fcrten Siegern","breadcrumb":{"@id":"http:\/\/www.barrierefinder.de\/fahrradanhaenger-test\/kinderfahrradanhaenger\/#breadcrumb"},"inLanguage":"de","potentialAction":[{"@type":"ReadAction","target":["http:\/\/www.barrierefinder.de\/fahrradanhaenger-test\/kinderfahrradanhaenger\/"]}]},{"@type":"BreadcrumbList","@id":"http:\/\/www.barrierefinder.de\/fahrradanhaenger-test\/kinderfahrradanhaenger\/#breadcrumb","itemListElement":[{"@type":"ListItem","position":1,"name":"Home","item":"http:\/\/www.barrierefinder.de\/fahrradanhaenger-test\/"},{"@type":"ListItem","position":2,"name":"Kinderfahrradanh\u00e4nger"}]},{"@type":"WebSite","@id":"http:\/\/www.barrierefinder.de\/fahrradanhaenger-test\/#website","url":"http:\/\/www.barrierefinder.de\/fahrradanhaenger-test\/","name":"Fahrradanh\u00e4nger-Test.de","description":"Fahrradanh\u00e4nger im Vergleich","potentialAction":[{"@type":"SearchAction","target":{"@type":"EntryPoint","urlTemplate":"http:\/\/www.barrierefinder.de\/fahrradanhaenger-test\/?s={search_term_string}"},"query-input":{"@type":"PropertyValueSpecification","valueRequired":true,"valueName":"search_term_string"}}],"inLanguage":"de"}]}},"_links":{"self":[{"href":"http:\/\/www.barrierefinder.de\/fahrradanhaenger-test\/wp-json\/wp\/v2\/pages\/450","targetHints":{"allow":["GET"]}}],"collection":[{"href":"http:\/\/www.barrierefinder.de\/fahrradanhaenger-test\/wp-json\/wp\/v2\/pages"}],"about":[{"href":"http:\/\/www.barrierefinder.de\/fahrradanhaenger-test\/wp-json\/wp\/v2\/types\/page"}],"author":[{"embeddable":true,"href":"http:\/\/www.barrierefinder.de\/fahrradanhaenger-test\/wp-json\/wp\/v2\/users\/4"}],"replies":[{"embeddable":true,"href":"http:\/\/www.barrierefinder.de\/fahrradanhaenger-test\/wp-json\/wp\/v2\/comments?post=450"}],"version-history":[{"count":12,"href":"http:\/\/www.barrierefinder.de\/fahrradanhaenger-test\/wp-json\/wp\/v2\/pages\/450\/revisions"}],"predecessor-version":[{"id":663,"href":"http:\/\/www.barrierefinder.de\/fahrradanhaenger-test\/wp-json\/wp\/v2\/pages\/450\/revisions\/663"}],"wp:attachment":[{"href":"http:\/\/www.barrierefinder.de\/fahrradanhaenger-test\/wp-json\/wp\/v2\/media?parent=450"}],"curies":[{"name":"wp","href":"https:\/\/api.w.org\/{rel}","templated":true}]}}